{"id":4725,"date":"2015-03-24T14:54:32","date_gmt":"2015-03-24T13:54:32","guid":{"rendered":"http:\/\/www.fondazionehonegger.it\/cms\/?page_id=4725"},"modified":"2019-09-11T14:33:33","modified_gmt":"2019-09-11T12:33:33","slug":"nuclei-alzheimer","status":"publish","type":"page","link":"http:\/\/www.fondazionehonegger.it\/cms\/nuclei-alzheimer\/","title":{"rendered":"Nuclei Alzheimer"},"content":{"rendered":"<p>[vc_row css=&#8221;.vc_custom_1426586602600{margin-top: 20px !important;}&#8221;][vc_column width=&#8221;1\/2&#8243;][vc_column_text]Nel 2011 la Regione Lombardia ha accreditato alla Fondazione i nuclei Alzheimer, sulla base degli standard qualitativi di assistenza gi\u00e0 erogati.<\/p>\n<p>I nuclei sono due, uno di 20 posti presso la Casa Albergo e uno di 21 posti all\u2019interno della Struttura Protetta.<\/p>\n<p>CHE COS\u2019E\u2019 UN NUCLEO ALZHEIMER?<\/p>\n<p>E\u2019 un nucleo per persone affette da Alzheimer dove viene fornita un\u2019assistenza appropriata, con l\u2019obiettivo di promuovere il benessere della persona attraverso interventi mirati di adeguamento dell\u2019ambiente che risulti tranquillo, protetto e del tutto simile al reale contesto domestico. Le persone possono cos\u00ec muoversi liberamente e svolgere le attivit\u00e0 quotidiane nel rispetto delle loro abitudini, interessi e reali capacit\u00e0 potendo cos\u00ec avere una buona qualit\u00e0 di vita e minore ansia e stress. In questo modo vengono ridotti i problemi comportamentali e la somministrazione dei farmaci convenzionali, inoltre il Residente risulta pi\u00f9 attivo, partecipe e sereno. Particolare attenzione viene posta al riconoscimento e alla gestione del dolore fisico che spesso le persone con Alzheimer non riescono ad esprimere verbalmente e quindi manifestano con reazioni di rabbia, irritazione e aggressivit\u00e0. Tutto il personale lavora in equipe con momenti di formazione, con costante scambio di informazioni e confronto per condividere le strategie assistenziali e sostenere le famiglie che vivono con fatica e dolore questa fase della loro vita.[\/vc_column_text]<h3  style=\"text-align:left;\" >Come si accede?<\/h3><div class=\"text_icon_block-4 \"><div class=\"tib_icon icon-key\"><\/div><div class=\"tib_content_wrapper\"><h3 class=\"tib_title\"> <\/h3><div class=\"tib_content\"><p>Domanda d&#8217;ingresso nei nuclei Alzheimer:\n&#8211; Per l&#8217;ingresso nei nuclei Alzheimer \u00e8 necessario presentare<br \/>\ndomanda presso l&#8217;ufficio accoglienza della Fondazione.\n&#8211; La domanda \u00e8 accompagnata da &#8220;scheda sanitaria&#8221;, redatta<br \/>\ndal medico di assistenza primaria dell&#8217;utente su modello<br \/>\npredisposto dalla Fondazione, otre che dai referti clinici ivi<br \/>\ncitati.\n&#8211;\u00a0La Fondazione verifica, sulla base della documentazione<br \/>\nfornita ed eventualmente mediante visita medica, la sussistenza<br \/>\ndella specifica patologia, nello stadio previsto dalla<br \/>\nnormativa regionale in materia d&#8217;ingresso nei nuclei Alzheimer.<br \/>\nL&#8217;esito pu\u00f2 comportare il respingimento della domanda<br \/>\nper carenza di requisiti.\n\u00c8 data precedenza ai residenti nel Comune di Albino, a seguire ai residenti del Distretto della Valle Seriana.\n<\/p><\/div><\/div><\/div>[\/vc_column][vc_column width=&#8221;1\/2&#8243;][vc_row_inner][vc_column_inner width=&#8221;1\/2&#8243;][vc_single_image image=&#8221;4776&#8243; img_size=&#8221;medium&#8221; style=&#8221;vc_box_rounded&#8221;][vc_single_image image=&#8221;5391&#8243; img_size=&#8221;medium&#8221; style=&#8221;vc_box_rounded&#8221;][\/vc_column_inner][vc_column_inner width=&#8221;1\/2&#8243;][vc_single_image image=&#8221;5049&#8243; img_size=&#8221;medium&#8221; style=&#8221;vc_box_rounded&#8221;][vc_single_image image=&#8221;5392&#8243; img_size=&#8221;medium&#8221; style=&#8221;vc_box_rounded&#8221;][\/vc_column_inner][\/vc_row_inner][\/vc_column][\/vc_row]<\/p>\n","protected":false},"excerpt":{"rendered":"<p>[vc_row css=&#8221;.vc_custom_1426586602600{margin-top: 20px !important;}&#8221;][vc_column width=&#8221;1\/2&#8243;][vc_column_text]Nel 2011 la Regione Lombardia ha accreditato alla Fondazione i nuclei Alzheimer, sulla base degli standard qualitativi di assistenza gi\u00e0 erogati. I nuclei sono due, uno di 20 posti presso la Casa Albergo e uno di 21 posti all\u2019interno della Struttura Protetta. CHE COS\u2019E\u2019 UN NUCLEO ALZHEIMER? E\u2019 un nucleo per [&hellip;]<\/p>\n","protected":false},"author":1,"featured_media":0,"parent":0,"menu_order":0,"comment_status":"closed","ping_status":"closed","template":"","meta":{"_themeisle_gutenberg_block_has_review":false,"footnotes":""},"class_list":["post-4725","page","type-page","status-publish","hentry"],"yoast_head":"<!-- This site is optimized with the Yoast SEO plugin v26.6 - https:\/\/yoast.com\/wordpress\/plugins\/seo\/ -->\n<title>Nuclei Alzheimer - Fondazione Honegger R.S.A. Onlus Albino (Bergamo)<\/title>\n<meta name=\"description\" content=\"COME SI ACCEDE? Per l\u2019ingresso nei Nuclei Alzheimer delle due Strutture il richiedente, o un familiare, presenta direttamente la domanda di ricovero all\u2019Ufficio accettazione della Fondazione in via Cappuccini n\u00b0 10 Albino, dopo specifica diagnosi del medico di base e del medico di Unit\u00e0 di Valutazione Alzheimer (U.V.A.). Quando si rende disponibile un posto Alzheimer la Fondazione contatta il richiedente o il familiare per concordare il giorno del ricovero e fornire informazioni sulle modalit\u00e0 d\u2019ingresso.\" \/>\n<meta name=\"robots\" content=\"index, follow, max-snippet:-1, max-image-preview:large, max-video-preview:-1\" \/>\n<link rel=\"canonical\" href=\"http:\/\/www.fondazionehonegger.it\/cms\/nuclei-alzheimer\/\" \/>\n<meta property=\"og:locale\" content=\"it_IT\" \/>\n<meta property=\"og:type\" content=\"article\" \/>\n<meta property=\"og:title\" content=\"Nuclei Alzheimer - Fondazione Honegger R.S.A. Onlus Albino (Bergamo)\" \/>\n<meta property=\"og:description\" content=\"COME SI ACCEDE? Per l\u2019ingresso nei Nuclei Alzheimer delle due Strutture il richiedente, o un familiare, presenta direttamente la domanda di ricovero all\u2019Ufficio accettazione della Fondazione in via Cappuccini n\u00b0 10 Albino, dopo specifica diagnosi del medico di base e del medico di Unit\u00e0 di Valutazione Alzheimer (U.V.A.). Quando si rende disponibile un posto Alzheimer la Fondazione contatta il richiedente o il familiare per concordare il giorno del ricovero e fornire informazioni sulle modalit\u00e0 d\u2019ingresso.\" \/>\n<meta property=\"og:url\" content=\"http:\/\/www.fondazionehonegger.it\/cms\/nuclei-alzheimer\/\" \/>\n<meta property=\"og:site_name\" content=\"Fondazione Honegger Rsa O.n.l.u.s.\" \/>\n<meta property=\"article:modified_time\" content=\"2019-09-11T12:33:33+00:00\" \/>\n<meta name=\"twitter:card\" content=\"summary_large_image\" \/>\n<meta name=\"twitter:label1\" content=\"Tempo di lettura stimato\" \/>\n\t<meta name=\"twitter:data1\" content=\"2 minuti\" \/>\n<script type=\"application\/ld+json\" class=\"yoast-schema-graph\">{\"@context\":\"https:\/\/schema.org\",\"@graph\":[{\"@type\":\"WebPage\",\"@id\":\"http:\/\/www.fondazionehonegger.it\/cms\/nuclei-alzheimer\/\",\"url\":\"http:\/\/www.fondazionehonegger.it\/cms\/nuclei-alzheimer\/\",\"name\":\"Nuclei Alzheimer - Fondazione Honegger R.S.A. Onlus Albino (Bergamo)\",\"isPartOf\":{\"@id\":\"http:\/\/www.fondazionehonegger.it\/cms\/#website\"},\"datePublished\":\"2015-03-24T13:54:32+00:00\",\"dateModified\":\"2019-09-11T12:33:33+00:00\",\"description\":\"COME SI ACCEDE? Per l\u2019ingresso nei Nuclei Alzheimer delle due Strutture il richiedente, o un familiare, presenta direttamente la domanda di ricovero all\u2019Ufficio accettazione della Fondazione in via Cappuccini n\u00b0 10 Albino, dopo specifica diagnosi del medico di base e del medico di Unit\u00e0 di Valutazione Alzheimer (U.V.A.). Quando si rende disponibile un posto Alzheimer la Fondazione contatta il richiedente o il familiare per concordare il giorno del ricovero e fornire informazioni sulle modalit\u00e0 d\u2019ingresso.\",\"breadcrumb\":{\"@id\":\"http:\/\/www.fondazionehonegger.it\/cms\/nuclei-alzheimer\/#breadcrumb\"},\"inLanguage\":\"it-IT\",\"potentialAction\":[{\"@type\":\"ReadAction\",\"target\":[\"http:\/\/www.fondazionehonegger.it\/cms\/nuclei-alzheimer\/\"]}]},{\"@type\":\"BreadcrumbList\",\"@id\":\"http:\/\/www.fondazionehonegger.it\/cms\/nuclei-alzheimer\/#breadcrumb\",\"itemListElement\":[{\"@type\":\"ListItem\",\"position\":1,\"name\":\"Home\",\"item\":\"http:\/\/www.fondazionehonegger.it\/cms\/\"},{\"@type\":\"ListItem\",\"position\":2,\"name\":\"Nuclei Alzheimer\"}]},{\"@type\":\"WebSite\",\"@id\":\"http:\/\/www.fondazionehonegger.it\/cms\/#website\",\"url\":\"http:\/\/www.fondazionehonegger.it\/cms\/\",\"name\":\"Fondazione Honegger Rsa O.n.l.u.s.\",\"description\":\"Albino (Bergamo)\",\"potentialAction\":[{\"@type\":\"SearchAction\",\"target\":{\"@type\":\"EntryPoint\",\"urlTemplate\":\"http:\/\/www.fondazionehonegger.it\/cms\/?s={search_term_string}\"},\"query-input\":{\"@type\":\"PropertyValueSpecification\",\"valueRequired\":true,\"valueName\":\"search_term_string\"}}],\"inLanguage\":\"it-IT\"}]}<\/script>\n<!-- \/ Yoast SEO plugin. -->","yoast_head_json":{"title":"Nuclei Alzheimer - Fondazione Honegger R.S.A. Onlus Albino (Bergamo)","description":"COME SI ACCEDE? Per l\u2019ingresso nei Nuclei Alzheimer delle due Strutture il richiedente, o un familiare, presenta direttamente la domanda di ricovero all\u2019Ufficio accettazione della Fondazione in via Cappuccini n\u00b0 10 Albino, dopo specifica diagnosi del medico di base e del medico di Unit\u00e0 di Valutazione Alzheimer (U.V.A.). Quando si rende disponibile un posto Alzheimer la Fondazione contatta il richiedente o il familiare per concordare il giorno del ricovero e fornire informazioni sulle modalit\u00e0 d\u2019ingresso.","robots":{"index":"index","follow":"follow","max-snippet":"max-snippet:-1","max-image-preview":"max-image-preview:large","max-video-preview":"max-video-preview:-1"},"canonical":"http:\/\/www.fondazionehonegger.it\/cms\/nuclei-alzheimer\/","og_locale":"it_IT","og_type":"article","og_title":"Nuclei Alzheimer - Fondazione Honegger R.S.A. Onlus Albino (Bergamo)","og_description":"COME SI ACCEDE? Per l\u2019ingresso nei Nuclei Alzheimer delle due Strutture il richiedente, o un familiare, presenta direttamente la domanda di ricovero all\u2019Ufficio accettazione della Fondazione in via Cappuccini n\u00b0 10 Albino, dopo specifica diagnosi del medico di base e del medico di Unit\u00e0 di Valutazione Alzheimer (U.V.A.). Quando si rende disponibile un posto Alzheimer la Fondazione contatta il richiedente o il familiare per concordare il giorno del ricovero e fornire informazioni sulle modalit\u00e0 d\u2019ingresso.","og_url":"http:\/\/www.fondazionehonegger.it\/cms\/nuclei-alzheimer\/","og_site_name":"Fondazione Honegger Rsa O.n.l.u.s.","article_modified_time":"2019-09-11T12:33:33+00:00","twitter_card":"summary_large_image","twitter_misc":{"Tempo di lettura stimato":"2 minuti"},"schema":{"@context":"https:\/\/schema.org","@graph":[{"@type":"WebPage","@id":"http:\/\/www.fondazionehonegger.it\/cms\/nuclei-alzheimer\/","url":"http:\/\/www.fondazionehonegger.it\/cms\/nuclei-alzheimer\/","name":"Nuclei Alzheimer - Fondazione Honegger R.S.A. Onlus Albino (Bergamo)","isPartOf":{"@id":"http:\/\/www.fondazionehonegger.it\/cms\/#website"},"datePublished":"2015-03-24T13:54:32+00:00","dateModified":"2019-09-11T12:33:33+00:00","description":"COME SI ACCEDE? Per l\u2019ingresso nei Nuclei Alzheimer delle due Strutture il richiedente, o un familiare, presenta direttamente la domanda di ricovero all\u2019Ufficio accettazione della Fondazione in via Cappuccini n\u00b0 10 Albino, dopo specifica diagnosi del medico di base e del medico di Unit\u00e0 di Valutazione Alzheimer (U.V.A.). Quando si rende disponibile un posto Alzheimer la Fondazione contatta il richiedente o il familiare per concordare il giorno del ricovero e fornire informazioni sulle modalit\u00e0 d\u2019ingresso.","breadcrumb":{"@id":"http:\/\/www.fondazionehonegger.it\/cms\/nuclei-alzheimer\/#breadcrumb"},"inLanguage":"it-IT","potentialAction":[{"@type":"ReadAction","target":["http:\/\/www.fondazionehonegger.it\/cms\/nuclei-alzheimer\/"]}]},{"@type":"BreadcrumbList","@id":"http:\/\/www.fondazionehonegger.it\/cms\/nuclei-alzheimer\/#breadcrumb","itemListElement":[{"@type":"ListItem","position":1,"name":"Home","item":"http:\/\/www.fondazionehonegger.it\/cms\/"},{"@type":"ListItem","position":2,"name":"Nuclei Alzheimer"}]},{"@type":"WebSite","@id":"http:\/\/www.fondazionehonegger.it\/cms\/#website","url":"http:\/\/www.fondazionehonegger.it\/cms\/","name":"Fondazione Honegger Rsa O.n.l.u.s.","description":"Albino (Bergamo)","potentialAction":[{"@type":"SearchAction","target":{"@type":"EntryPoint","urlTemplate":"http:\/\/www.fondazionehonegger.it\/cms\/?s={search_term_string}"},"query-input":{"@type":"PropertyValueSpecification","valueRequired":true,"valueName":"search_term_string"}}],"inLanguage":"it-IT"}]}},"_links":{"self":[{"href":"http:\/\/www.fondazionehonegger.it\/cms\/wp-json\/wp\/v2\/pages\/4725","targetHints":{"allow":["GET"]}}],"collection":[{"href":"http:\/\/www.fondazionehonegger.it\/cms\/wp-json\/wp\/v2\/pages"}],"about":[{"href":"http:\/\/www.fondazionehonegger.it\/cms\/wp-json\/wp\/v2\/types\/page"}],"author":[{"embeddable":true,"href":"http:\/\/www.fondazionehonegger.it\/cms\/wp-json\/wp\/v2\/users\/1"}],"replies":[{"embeddable":true,"href":"http:\/\/www.fondazionehonegger.it\/cms\/wp-json\/wp\/v2\/comments?post=4725"}],"version-history":[{"count":5,"href":"http:\/\/www.fondazionehonegger.it\/cms\/wp-json\/wp\/v2\/pages\/4725\/revisions"}],"predecessor-version":[{"id":5833,"href":"http:\/\/www.fondazionehonegger.it\/cms\/wp-json\/wp\/v2\/pages\/4725\/revisions\/5833"}],"wp:attachment":[{"href":"http:\/\/www.fondazionehonegger.it\/cms\/wp-json\/wp\/v2\/media?parent=4725"}],"curies":[{"name":"wp","href":"https:\/\/api.w.org\/{rel}","templated":true}]}}